{"id":862,"date":"2020-07-20T10:46:20","date_gmt":"2020-07-20T07:46:20","guid":{"rendered":"http:\/\/www.evsacelik.com\/?page_id=862"},"modified":"2021-03-25T09:23:21","modified_gmt":"2021-03-25T06:23:21","slug":"references","status":"publish","type":"page","link":"https:\/\/www.evsacelik.com\/en\/references\/","title":{"rendered":"References"},"content":{"rendered":"<p>[vc_row][vc_column][vc_column_text]<\/p>\n\n        <style type='text\/css'>\n            #gallery-1 .gallery-item {\n                float: left;\n                text-align: center;\n                width: 20%;\n                margin-bottom:0;\n            }\n            #gallery-1 img {\n            }\n            #gallery-1 .gallery-caption {\n                margin-left: 0;\n            }\n        <\/style>\n\t\t<div id='gallery-1' class='gallery  gallery-columns-5 gallery-size-medium-thumb gallery-lightbox'><dl class='gallery-item'>\n            <dt class='gallery-icon'>\n                <a href='https:\/\/www.evsacelik.com\/en\/wp-content\/uploads\/sites\/2\/2020\/07\/konya-seker-1.png'><img width=\"320\" height=\"200\" src=\"https:\/\/www.evsacelik.com\/en\/wp-content\/uploads\/sites\/2\/2020\/07\/konya-seker-1.png\" class=\"attachment-medium-thumb size-medium-thumb\" alt=\"\" loading=\"lazy\" srcset=\"https:\/\/www.evsacelik.com\/en\/wp-content\/uploads\/sites\/2\/2020\/07\/konya-seker-1.png 320w, https:\/\/www.evsacelik.com\/en\/wp-content\/uploads\/sites\/2\/2020\/07\/konya-seker-1-300x188.png 300w\" sizes=\"(max-width: 320px) 100vw, 320px\" \/><\/a>\n            <\/dt><\/dl><dl class='gallery-item'>\n            <dt class='gallery-icon'>\n                <a href='https:\/\/www.evsacelik.com\/en\/wp-content\/uploads\/sites\/2\/2020\/07\/akcansa-1.png'><img width=\"320\" height=\"200\" src=\"https:\/\/www.evsacelik.com\/en\/wp-content\/uploads\/sites\/2\/2020\/07\/akcansa-1.png\" class=\"attachment-medium-thumb size-medium-thumb\" alt=\"\" loading=\"lazy\" srcset=\"https:\/\/www.evsacelik.com\/en\/wp-content\/uploads\/sites\/2\/2020\/07\/akcansa-1.png 320w, https:\/\/www.evsacelik.com\/en\/wp-content\/uploads\/sites\/2\/2020\/07\/akcansa-1-300x188.png 300w\" sizes=\"(max-width: 320px) 100vw, 320px\" \/><\/a>\n            <\/dt><\/dl><dl class='gallery-item'>\n            <dt class='gallery-icon'>\n                <a href='https:\/\/www.evsacelik.com\/en\/wp-content\/uploads\/sites\/2\/2020\/07\/toyota-1.png'><img width=\"320\" height=\"200\" src=\"https:\/\/www.evsacelik.com\/en\/wp-content\/uploads\/sites\/2\/2020\/07\/toyota-1.png\" class=\"attachment-medium-thumb size-medium-thumb\" alt=\"\" loading=\"lazy\" srcset=\"https:\/\/www.evsacelik.com\/en\/wp-content\/uploads\/sites\/2\/2020\/07\/toyota-1.png 320w, https:\/\/www.evsacelik.com\/en\/wp-content\/uploads\/sites\/2\/2020\/07\/toyota-1-300x188.png 300w\" sizes=\"(max-width: 320px) 100vw, 320px\" \/><\/a>\n            <\/dt><\/dl><dl class='gallery-item'>\n            <dt class='gallery-icon'>\n                <a href='https:\/\/www.evsacelik.com\/en\/wp-content\/uploads\/sites\/2\/2020\/07\/sakip-sabanci-muzesi-1.png'><img width=\"320\" height=\"200\" src=\"https:\/\/www.evsacelik.com\/en\/wp-content\/uploads\/sites\/2\/2020\/07\/sakip-sabanci-muzesi-1.png\" class=\"attachment-medium-thumb size-medium-thumb\" alt=\"\" loading=\"lazy\" srcset=\"https:\/\/www.evsacelik.com\/en\/wp-content\/uploads\/sites\/2\/2020\/07\/sakip-sabanci-muzesi-1.png 320w, https:\/\/www.evsacelik.com\/en\/wp-content\/uploads\/sites\/2\/2020\/07\/sakip-sabanci-muzesi-1-300x188.png 300w\" sizes=\"(max-width: 320px) 100vw, 320px\" \/><\/a>\n            <\/dt><\/dl><dl class='gallery-item'>\n            <dt class='gallery-icon'>\n                <a href='https:\/\/www.evsacelik.com\/en\/wp-content\/uploads\/sites\/2\/2020\/07\/punto.png'><img width=\"320\" height=\"200\" src=\"https:\/\/www.evsacelik.com\/en\/wp-content\/uploads\/sites\/2\/2020\/07\/punto.png\" class=\"attachment-medium-thumb size-medium-thumb\" alt=\"\" loading=\"lazy\" srcset=\"https:\/\/www.evsacelik.com\/en\/wp-content\/uploads\/sites\/2\/2020\/07\/punto.png 320w, https:\/\/www.evsacelik.com\/en\/wp-content\/uploads\/sites\/2\/2020\/07\/punto-300x188.png 300w\" sizes=\"(max-width: 320px) 100vw, 320px\" \/><\/a>\n            <\/dt><\/dl><div class=\"clear\"><\/div><dl class='gallery-item'>\n            <dt class='gallery-icon'>\n                <a href='https:\/\/www.evsacelik.com\/en\/wp-content\/uploads\/sites\/2\/2020\/07\/fitas.png'><img width=\"320\" height=\"200\" src=\"https:\/\/www.evsacelik.com\/en\/wp-content\/uploads\/sites\/2\/2020\/07\/fitas.png\" class=\"attachment-medium-thumb size-medium-thumb\" alt=\"\" loading=\"lazy\" srcset=\"https:\/\/www.evsacelik.com\/en\/wp-content\/uploads\/sites\/2\/2020\/07\/fitas.png 320w, https:\/\/www.evsacelik.com\/en\/wp-content\/uploads\/sites\/2\/2020\/07\/fitas-300x188.png 300w\" sizes=\"(max-width: 320px) 100vw, 320px\" \/><\/a>\n            <\/dt><\/dl><dl class='gallery-item'>\n            <dt class='gallery-icon'>\n                <a href='https:\/\/www.evsacelik.com\/en\/wp-content\/uploads\/sites\/2\/2020\/07\/thyssenkrupp.png'><img width=\"320\" height=\"200\" src=\"https:\/\/www.evsacelik.com\/en\/wp-content\/uploads\/sites\/2\/2020\/07\/thyssenkrupp.png\" class=\"attachment-medium-thumb size-medium-thumb\" alt=\"\" loading=\"lazy\" srcset=\"https:\/\/www.evsacelik.com\/en\/wp-content\/uploads\/sites\/2\/2020\/07\/thyssenkrupp.png 320w, https:\/\/www.evsacelik.com\/en\/wp-content\/uploads\/sites\/2\/2020\/07\/thyssenkrupp-300x188.png 300w\" sizes=\"(max-width: 320px) 100vw, 320px\" \/><\/a>\n            <\/dt><\/dl><dl class='gallery-item'>\n            <dt class='gallery-icon'>\n                <a href='https:\/\/www.evsacelik.com\/en\/wp-content\/uploads\/sites\/2\/2020\/07\/boen.png'><img width=\"320\" height=\"200\" src=\"https:\/\/www.evsacelik.com\/en\/wp-content\/uploads\/sites\/2\/2020\/07\/boen.png\" class=\"attachment-medium-thumb size-medium-thumb\" alt=\"\" loading=\"lazy\" srcset=\"https:\/\/www.evsacelik.com\/en\/wp-content\/uploads\/sites\/2\/2020\/07\/boen.png 320w, https:\/\/www.evsacelik.com\/en\/wp-content\/uploads\/sites\/2\/2020\/07\/boen-300x188.png 300w\" sizes=\"(max-width: 320px) 100vw, 320px\" \/><\/a>\n            <\/dt><\/dl><dl class='gallery-item'>\n            <dt class='gallery-icon'>\n                <a href='https:\/\/www.evsacelik.com\/en\/wp-content\/uploads\/sites\/2\/2020\/07\/kayi.png'><img width=\"320\" height=\"200\" src=\"https:\/\/www.evsacelik.com\/en\/wp-content\/uploads\/sites\/2\/2020\/07\/kayi.png\" class=\"attachment-medium-thumb size-medium-thumb\" alt=\"\" loading=\"lazy\" srcset=\"https:\/\/www.evsacelik.com\/en\/wp-content\/uploads\/sites\/2\/2020\/07\/kayi.png 320w, https:\/\/www.evsacelik.com\/en\/wp-content\/uploads\/sites\/2\/2020\/07\/kayi-300x188.png 300w\" sizes=\"(max-width: 320px) 100vw, 320px\" \/><\/a>\n            <\/dt><\/dl><dl class='gallery-item'>\n            <dt class='gallery-icon'>\n                <a href='https:\/\/www.evsacelik.com\/en\/wp-content\/uploads\/sites\/2\/2020\/07\/aplus.png'><img width=\"320\" height=\"200\" src=\"https:\/\/www.evsacelik.com\/en\/wp-content\/uploads\/sites\/2\/2020\/07\/aplus.png\" class=\"attachment-medium-thumb size-medium-thumb\" alt=\"\" loading=\"lazy\" srcset=\"https:\/\/www.evsacelik.com\/en\/wp-content\/uploads\/sites\/2\/2020\/07\/aplus.png 320w, https:\/\/www.evsacelik.com\/en\/wp-content\/uploads\/sites\/2\/2020\/07\/aplus-300x188.png 300w\" sizes=\"(max-width: 320px) 100vw, 320px\" \/><\/a>\n            <\/dt><\/dl><div class=\"clear\"><\/div><dl class='gallery-item'>\n            <dt class='gallery-icon'>\n                <a href='https:\/\/www.evsacelik.com\/en\/wp-content\/uploads\/sites\/2\/2020\/07\/guzeller-petrol.png'><img width=\"320\" height=\"200\" src=\"https:\/\/www.evsacelik.com\/en\/wp-content\/uploads\/sites\/2\/2020\/07\/guzeller-petrol.png\" class=\"attachment-medium-thumb size-medium-thumb\" alt=\"\" loading=\"lazy\" srcset=\"https:\/\/www.evsacelik.com\/en\/wp-content\/uploads\/sites\/2\/2020\/07\/guzeller-petrol.png 320w, https:\/\/www.evsacelik.com\/en\/wp-content\/uploads\/sites\/2\/2020\/07\/guzeller-petrol-300x188.png 300w\" sizes=\"(max-width: 320px) 100vw, 320px\" \/><\/a>\n            <\/dt><\/dl><dl class='gallery-item'>\n            <dt class='gallery-icon'>\n                <a href='https:\/\/www.evsacelik.com\/en\/wp-content\/uploads\/sites\/2\/2020\/07\/korkmaz-takograf.png'><img width=\"320\" height=\"200\" src=\"https:\/\/www.evsacelik.com\/en\/wp-content\/uploads\/sites\/2\/2020\/07\/korkmaz-takograf.png\" class=\"attachment-medium-thumb size-medium-thumb\" alt=\"\" loading=\"lazy\" srcset=\"https:\/\/www.evsacelik.com\/en\/wp-content\/uploads\/sites\/2\/2020\/07\/korkmaz-takograf.png 320w, https:\/\/www.evsacelik.com\/en\/wp-content\/uploads\/sites\/2\/2020\/07\/korkmaz-takograf-300x188.png 300w\" sizes=\"(max-width: 320px) 100vw, 320px\" \/><\/a>\n            <\/dt><\/dl><dl class='gallery-item'>\n            <dt class='gallery-icon'>\n                <a href='https:\/\/www.evsacelik.com\/en\/wp-content\/uploads\/sites\/2\/2020\/07\/mey.png'><img width=\"320\" height=\"200\" src=\"https:\/\/www.evsacelik.com\/en\/wp-content\/uploads\/sites\/2\/2020\/07\/mey.png\" class=\"attachment-medium-thumb size-medium-thumb\" alt=\"\" loading=\"lazy\" srcset=\"https:\/\/www.evsacelik.com\/en\/wp-content\/uploads\/sites\/2\/2020\/07\/mey.png 320w, https:\/\/www.evsacelik.com\/en\/wp-content\/uploads\/sites\/2\/2020\/07\/mey-300x188.png 300w\" sizes=\"(max-width: 320px) 100vw, 320px\" \/><\/a>\n            <\/dt><\/dl><dl class='gallery-item'>\n            <dt class='gallery-icon'>\n                <a href='https:\/\/www.evsacelik.com\/en\/wp-content\/uploads\/sites\/2\/2020\/07\/yilmaz.png'><img width=\"320\" height=\"200\" src=\"https:\/\/www.evsacelik.com\/en\/wp-content\/uploads\/sites\/2\/2020\/07\/yilmaz.png\" class=\"attachment-medium-thumb size-medium-thumb\" alt=\"\" loading=\"lazy\" srcset=\"https:\/\/www.evsacelik.com\/en\/wp-content\/uploads\/sites\/2\/2020\/07\/yilmaz.png 320w, https:\/\/www.evsacelik.com\/en\/wp-content\/uploads\/sites\/2\/2020\/07\/yilmaz-300x188.png 300w\" sizes=\"(max-width: 320px) 100vw, 320px\" \/><\/a>\n            <\/dt><\/dl>\n            <div class=\"clear\"><\/div>\n        <\/div>\n\n<div id=\"gtx-trans\">\n<div class=\"gtx-trans-icon\"><\/div>\n<\/div>\n<p>[\/vc_column_text][\/vc_column][\/vc_row][vc_row][vc_column][vc_column_text]<\/p>\n<h3>Other References<\/h3>\n<p>Ak\u00e7ay Proje<br \/>\nKule Havuz \u00c7elik \u00c7at\u0131 (ISPARTA)<br \/>\nNezih Market Sat\u0131\u015f Ma\u011fazas\u0131<br \/>\nKa-Golf Belek \u2013 (ANTALYA)<br \/>\nBah\u00e7evilla \u00c7amalt\u0131 Konutlar\u0131 \u2013 (TEK\u0130RDA\u011e)<br \/>\nShowroom \u2013 (Fabrika adresi \u2013 Sar\u0131gazi Ta\u015fdelen)<br \/>\nTalip Kuri\u015f evleri \u2013 (Adapazar\u0131-Sapanca)<br \/>\nAli \u00dcnal Evi \u2013 (Bal\u0131kesir-Erdek)<br \/>\nErgun \u00d6zdemir Evi \u2013 (Eski\u015fehir)<br \/>\nMelisa Evleri \u2013 (\u00c7atalca)<br \/>\nA\u011fao\u011flu Eltes G\u00fcne\u015fi \u2013 (Dudullu \u2013 \u00dcmraniye)<br \/>\nAhmet Nadir G\u00f6rg\u00fcl Binas\u0131 \u2013 (Tuzla)<br \/>\nKadir \u00dcnal Evi \u2013 (Yeni\u00e7iftlik)<br \/>\nWeekend Evleri \u2013 (Boyal\u0131k)<br \/>\n\u00c7atalca Melissa Evleri \u2013 (\u00c7atalca)<br \/>\nCemil \u00c7al\u0131\u015fkan Evi \u2013 (\u0130stanbul)<br \/>\nZeytinsuyu Tepesi Evleri \u2013 (Kumburgaz)[\/vc_column_text][\/vc_column][\/vc_row]<\/p>\n","protected":false},"excerpt":{"rendered":"<p>[vc_row][vc_column][vc_column_text] [\/vc_column_text][\/vc_column][\/vc_row][vc_row][vc_column][vc_column_text] Other References Ak\u00e7ay Proje Kule Havuz \u00c7elik \u00c7at\u0131 (ISPARTA) Nezih Market Sat\u0131\u015f Ma\u011fazas\u0131 Ka-Golf Belek \u2013 (ANTALYA) Bah\u00e7evilla \u00c7amalt\u0131 &#8230;<\/p>\n","protected":false},"author":1,"featured_media":0,"parent":0,"menu_order":0,"comment_status":"closed","ping_status":"closed","template":"","meta":[],"yoast_head":"<!-- This site is optimized with the Yoast SEO plugin v18.2 - https:\/\/yoast.com\/wordpress\/plugins\/seo\/ -->\n<title>References - Ev-Sa Steel<\/title>\n<meta name=\"robots\" content=\"index, follow, max-snippet:-1, max-image-preview:large, max-video-preview:-1\" \/>\n<link rel=\"canonical\" href=\"https:\/\/www.evsacelik.com\/en\/references\/\" \/>\n<meta property=\"og:locale\" content=\"en_US\" \/>\n<meta property=\"og:type\" content=\"article\" \/>\n<meta property=\"og:title\" content=\"References - Ev-Sa Steel\" \/>\n<meta property=\"og:description\" content=\"[vc_row][vc_column][vc_column_text] [\/vc_column_text][\/vc_column][\/vc_row][vc_row][vc_column][vc_column_text] Other References Ak\u00e7ay Proje Kule Havuz \u00c7elik \u00c7at\u0131 (ISPARTA) Nezih Market Sat\u0131\u015f Ma\u011fazas\u0131 Ka-Golf Belek \u2013 (ANTALYA) Bah\u00e7evilla \u00c7amalt\u0131 ...\" \/>\n<meta property=\"og:url\" content=\"https:\/\/www.evsacelik.com\/en\/references\/\" \/>\n<meta property=\"og:site_name\" content=\"Ev-Sa Steel\" \/>\n<meta property=\"article:modified_time\" content=\"2021-03-25T06:23:21+00:00\" \/>\n<meta property=\"og:image\" content=\"https:\/\/www.evsacelik.com\/en\/wp-content\/uploads\/sites\/2\/2020\/07\/konya-seker-1.png\" \/>\n<meta name=\"twitter:card\" content=\"summary_large_image\" \/>\n<meta name=\"twitter:label1\" content=\"Est. reading time\" \/>\n\t<meta name=\"twitter:data1\" content=\"1 minute\" \/>\n<script type=\"application\/ld+json\" class=\"yoast-schema-graph\">{\"@context\":\"https:\/\/schema.org\",\"@graph\":[{\"@type\":\"WebSite\",\"@id\":\"https:\/\/www.evsacelik.com\/en\/#website\",\"url\":\"https:\/\/www.evsacelik.com\/en\/\",\"name\":\"Ev-Sa Steel\",\"description\":\"Ev-Sa Steel Building Systems\",\"potentialAction\":[{\"@type\":\"SearchAction\",\"target\":{\"@type\":\"EntryPoint\",\"urlTemplate\":\"https:\/\/www.evsacelik.com\/en\/?s={search_term_string}\"},\"query-input\":\"required name=search_term_string\"}],\"inLanguage\":\"en-US\"},{\"@type\":\"WebPage\",\"@id\":\"https:\/\/www.evsacelik.com\/en\/references\/#webpage\",\"url\":\"https:\/\/www.evsacelik.com\/en\/references\/\",\"name\":\"References - Ev-Sa Steel\",\"isPartOf\":{\"@id\":\"https:\/\/www.evsacelik.com\/en\/#website\"},\"datePublished\":\"2020-07-20T07:46:20+00:00\",\"dateModified\":\"2021-03-25T06:23:21+00:00\",\"breadcrumb\":{\"@id\":\"https:\/\/www.evsacelik.com\/en\/references\/#breadcrumb\"},\"inLanguage\":\"en-US\",\"potentialAction\":[{\"@type\":\"ReadAction\",\"target\":[\"https:\/\/www.evsacelik.com\/en\/references\/\"]}]},{\"@type\":\"BreadcrumbList\",\"@id\":\"https:\/\/www.evsacelik.com\/en\/references\/#breadcrumb\",\"itemListElement\":[{\"@type\":\"ListItem\",\"position\":1,\"name\":\"Anasayfa\",\"item\":\"https:\/\/www.evsacelik.com\/en\/\"},{\"@type\":\"ListItem\",\"position\":2,\"name\":\"References\"}]}]}<\/script>\n<!-- \/ Yoast SEO plugin. -->","yoast_head_json":{"title":"References - Ev-Sa Steel","robots":{"index":"index","follow":"follow","max-snippet":"max-snippet:-1","max-image-preview":"max-image-preview:large","max-video-preview":"max-video-preview:-1"},"canonical":"https:\/\/www.evsacelik.com\/en\/references\/","og_locale":"en_US","og_type":"article","og_title":"References - Ev-Sa Steel","og_description":"[vc_row][vc_column][vc_column_text] [\/vc_column_text][\/vc_column][\/vc_row][vc_row][vc_column][vc_column_text] Other References Ak\u00e7ay Proje Kule Havuz \u00c7elik \u00c7at\u0131 (ISPARTA) Nezih Market Sat\u0131\u015f Ma\u011fazas\u0131 Ka-Golf Belek \u2013 (ANTALYA) Bah\u00e7evilla \u00c7amalt\u0131 ...","og_url":"https:\/\/www.evsacelik.com\/en\/references\/","og_site_name":"Ev-Sa Steel","article_modified_time":"2021-03-25T06:23:21+00:00","og_image":[{"url":"https:\/\/www.evsacelik.com\/en\/wp-content\/uploads\/sites\/2\/2020\/07\/konya-seker-1.png"}],"twitter_card":"summary_large_image","twitter_misc":{"Est. reading time":"1 minute"},"schema":{"@context":"https:\/\/schema.org","@graph":[{"@type":"WebSite","@id":"https:\/\/www.evsacelik.com\/en\/#website","url":"https:\/\/www.evsacelik.com\/en\/","name":"Ev-Sa Steel","description":"Ev-Sa Steel Building Systems","potentialAction":[{"@type":"SearchAction","target":{"@type":"EntryPoint","urlTemplate":"https:\/\/www.evsacelik.com\/en\/?s={search_term_string}"},"query-input":"required name=search_term_string"}],"inLanguage":"en-US"},{"@type":"WebPage","@id":"https:\/\/www.evsacelik.com\/en\/references\/#webpage","url":"https:\/\/www.evsacelik.com\/en\/references\/","name":"References - Ev-Sa Steel","isPartOf":{"@id":"https:\/\/www.evsacelik.com\/en\/#website"},"datePublished":"2020-07-20T07:46:20+00:00","dateModified":"2021-03-25T06:23:21+00:00","breadcrumb":{"@id":"https:\/\/www.evsacelik.com\/en\/references\/#breadcrumb"},"inLanguage":"en-US","potentialAction":[{"@type":"ReadAction","target":["https:\/\/www.evsacelik.com\/en\/references\/"]}]},{"@type":"BreadcrumbList","@id":"https:\/\/www.evsacelik.com\/en\/references\/#breadcrumb","itemListElement":[{"@type":"ListItem","position":1,"name":"Anasayfa","item":"https:\/\/www.evsacelik.com\/en\/"},{"@type":"ListItem","position":2,"name":"References"}]}]}},"_links":{"self":[{"href":"https:\/\/www.evsacelik.com\/en\/wp-json\/wp\/v2\/pages\/862"}],"collection":[{"href":"https:\/\/www.evsacelik.com\/en\/wp-json\/wp\/v2\/pages"}],"about":[{"href":"https:\/\/www.evsacelik.com\/en\/wp-json\/wp\/v2\/types\/page"}],"author":[{"embeddable":true,"href":"https:\/\/www.evsacelik.com\/en\/wp-json\/wp\/v2\/users\/1"}],"replies":[{"embeddable":true,"href":"https:\/\/www.evsacelik.com\/en\/wp-json\/wp\/v2\/comments?post=862"}],"version-history":[{"count":1,"href":"https:\/\/www.evsacelik.com\/en\/wp-json\/wp\/v2\/pages\/862\/revisions"}],"predecessor-version":[{"id":2587,"href":"https:\/\/www.evsacelik.com\/en\/wp-json\/wp\/v2\/pages\/862\/revisions\/2587"}],"wp:attachment":[{"href":"https:\/\/www.evsacelik.com\/en\/wp-json\/wp\/v2\/media?parent=862"}],"curies":[{"name":"wp","href":"https:\/\/api.w.org\/{rel}","templated":true}]}}