{"id":2113,"date":"2020-07-24T11:03:24","date_gmt":"2020-07-24T08:03:24","guid":{"rendered":"https:\/\/www.evsacelik.com\/?page_id=2113"},"modified":"2021-03-25T09:23:12","modified_gmt":"2021-03-25T06:23:12","slug":"agir-celik-2","status":"publish","type":"page","link":"https:\/\/www.evsacelik.com\/en\/agir-celik-2\/","title":{"rendered":"A\u011f\u0131r \u00c7elik Yap\u0131lar"},"content":{"rendered":"<p>[vc_row][vc_column][vc_column_text]<\/p>\n<p><strong>A\u011eIR \u00c7EL\u0130K YAPILAR<\/strong><\/p>\n<ul>\n<li>\u00c7elik Konstr\u00fcksiyon Hangar \u0130n\u015faatlar\u0131<\/li>\n<li>\u00c7elik Konstr\u00fcksiyon \u00c7ok Katl\u0131 Yap\u0131lar<\/li>\n<li>Antrepo ve Depo \u0130n\u015faatlar\u0131<\/li>\n<li>End\u00fcstriyel Tesis \u0130n\u015faatlar\u0131<\/li>\n<li>Fabrika Binas\u0131 \u0130n\u015faatlar\u0131<\/li>\n<li>Cephe \u00c7at\u0131 Kaplama Sistemleri<\/li>\n<li>\u00c7elik K\u00f6pr\u00fc \u0130n\u015faatlar\u0131<\/li>\n<li>Tenis Kortlar\u0131<\/li>\n<li>Kapal\u0131 Y\u00fczme Havuzu \u00c7at\u0131lar\u0131<\/li>\n<\/ul>\n<p>[\/vc_column_text][\/vc_column][\/vc_row][vc_row][vc_column width=&#8221;1\/2&#8243;][vc_single_image image=&#8221;2116&#8243; img_size=&#8221;medium-thumb&#8221; alignment=&#8221;center&#8221; onclick=&#8221;custom_link&#8221; link=&#8221;https:\/\/www.evsacelik.com\/agir-celik-konstruksiyon-hangar-binalari\/&#8221;][vc_column_text css=&#8221;.vc_custom_1595578670505{margin-top: -20px !important;}&#8221;]<\/p>\n<h3 class=\"grid-title\"><a href=\"https:\/\/www.evsacelik.com\/agir-celik-konstruksiyon-hangar-binalari\/\" rel=\"bookmark\">A\u011f\u0131r \u00c7elik Konstr\u00fcksiyon Hangar Binalar\u0131<\/a><\/h3>\n<p><strong><a href=\"https:\/\/www.evsacelik.com\/agir-celik-konstruksiyon-hangar-binalari\/\">DEVAMI<\/a><\/strong>[\/vc_column_text][\/vc_column][vc_column width=&#8221;1\/2&#8243;][vc_single_image image=&#8221;2117&#8243; img_size=&#8221;medium-thumb&#8221; alignment=&#8221;center&#8221; onclick=&#8221;custom_link&#8221; link=&#8221;https:\/\/www.evsacelik.com\/agir-celik-konstruksiyon-depo-fabrika-binalari\/&#8221;][vc_column_text css=&#8221;.vc_custom_1595579250190{margin-top: -20px !important;}&#8221;]<\/p>\n<h3 class=\"grid-title\"><a href=\"https:\/\/www.evsacelik.com\/agir-celik-konstruksiyon-depo-fabrika-binalari\/\" rel=\"bookmark\">A\u011f\u0131r \u00c7elik Konstr\u00fcksiyon Depo \u2013 Fabrika Binalar\u0131<\/a><\/h3>\n<p><strong><a href=\"https:\/\/www.evsacelik.com\/agir-celik-konstruksiyon-depo-fabrika-binalari\/\">DEVAMI<\/a><\/strong>[\/vc_column_text][\/vc_column][\/vc_row][vc_row][vc_column width=&#8221;1\/2&#8243;][vc_single_image image=&#8221;2118&#8243; img_size=&#8221;medium-thumb&#8221; alignment=&#8221;center&#8221; onclick=&#8221;custom_link&#8221; link=&#8221;https:\/\/www.evsacelik.com\/agir-celik-konstruksiyon-ofis-is-merkezi-binalari\/&#8221;][vc_column_text css=&#8221;.vc_custom_1595579307105{margin-top: -20px !important;}&#8221;]<\/p>\n<h3 class=\"grid-title\"><a href=\"https:\/\/www.evsacelik.com\/agir-celik-konstruksiyon-ofis-is-merkezi-binalari\/\" rel=\"bookmark\">A\u011f\u0131r \u00c7elik Konstr\u00fcksiyon Ofis \u2013 \u0130\u015f Merkezi Binalar\u0131<\/a><\/h3>\n<p><strong><a href=\"https:\/\/www.evsacelik.com\/agir-celik-konstruksiyon-ofis-is-merkezi-binalari\/\">DEVAMI<\/a><\/strong>[\/vc_column_text][\/vc_column][vc_column width=&#8221;1\/2&#8243;][vc_single_image image=&#8221;2119&#8243; img_size=&#8221;medium-thumb&#8221; alignment=&#8221;center&#8221; onclick=&#8221;custom_link&#8221; link=&#8221;https:\/\/www.evsacelik.com\/agir-celik-konstruksiyon-showroom-binalari\/&#8221;][vc_column_text css=&#8221;.vc_custom_1595579394352{margin-top: -20px !important;}&#8221;]<\/p>\n<h3><a href=\"https:\/\/www.evsacelik.com\/agir-celik-konstruksiyon-showroom-binalari\/\">A\u011f\u0131r \u00c7elik Konstr\u00fcksiyon Showroom Binalar\u0131<\/a><\/h3>\n<p><strong><a href=\"https:\/\/www.evsacelik.com\/agir-celik-konstruksiyon-showroom-binalari\/\">DEVAMI<\/a><\/strong>[\/vc_column_text][\/vc_column][\/vc_row][vc_row][vc_column width=&#8221;1\/2&#8243;][vc_single_image img_size=&#8221;medium-thumb&#8221; alignment=&#8221;center&#8221; onclick=&#8221;custom_link&#8221; link=&#8221;#&#8221;][vc_column_text css=&#8221;.vc_custom_1595579466305{margin-top: -20px !important;}&#8221;]<\/p>\n<h3 class=\"grid-title\"><a href=\"#\" rel=\"bookmark\">Fabrika<\/a><\/h3>\n<p><strong><a href=\"#\">DEVAMI<\/a><\/strong>[\/vc_column_text][\/vc_column][\/vc_row]<\/p>\n","protected":false},"excerpt":{"rendered":"<p>[vc_row][vc_column][vc_column_text] A\u011eIR \u00c7EL\u0130K YAPILAR \u00c7elik Konstr\u00fcksiyon Hangar \u0130n\u015faatlar\u0131 \u00c7elik Konstr\u00fcksiyon \u00c7ok Katl\u0131 Yap\u0131lar Antrepo ve Depo \u0130n\u015faatlar\u0131 End\u00fcstriyel Tesis \u0130n\u015faatlar\u0131 Fabrika &#8230;<\/p>\n","protected":false},"author":1,"featured_media":0,"parent":0,"menu_order":0,"comment_status":"closed","ping_status":"closed","template":"","meta":[],"yoast_head":"<!-- This site is optimized with the Yoast SEO plugin v18.2 - https:\/\/yoast.com\/wordpress\/plugins\/seo\/ -->\n<title>A\u011f\u0131r \u00c7elik Yap\u0131lar - Ev-Sa Steel<\/title>\n<meta name=\"robots\" content=\"index, follow, max-snippet:-1, max-image-preview:large, max-video-preview:-1\" \/>\n<link rel=\"canonical\" href=\"https:\/\/www.evsacelik.com\/en\/agir-celik-2\/\" \/>\n<meta property=\"og:locale\" content=\"en_US\" \/>\n<meta property=\"og:type\" content=\"article\" \/>\n<meta property=\"og:title\" content=\"A\u011f\u0131r \u00c7elik Yap\u0131lar - Ev-Sa Steel\" \/>\n<meta property=\"og:description\" content=\"[vc_row][vc_column][vc_column_text] A\u011eIR \u00c7EL\u0130K YAPILAR \u00c7elik Konstr\u00fcksiyon Hangar \u0130n\u015faatlar\u0131 \u00c7elik Konstr\u00fcksiyon \u00c7ok Katl\u0131 Yap\u0131lar Antrepo ve Depo \u0130n\u015faatlar\u0131 End\u00fcstriyel Tesis \u0130n\u015faatlar\u0131 Fabrika ...\" \/>\n<meta property=\"og:url\" content=\"https:\/\/www.evsacelik.com\/en\/agir-celik-2\/\" \/>\n<meta property=\"og:site_name\" content=\"Ev-Sa Steel\" \/>\n<meta property=\"article:modified_time\" content=\"2021-03-25T06:23:12+00:00\" \/>\n<meta name=\"twitter:card\" content=\"summary_large_image\" \/>\n<meta name=\"twitter:label1\" content=\"Est. reading time\" \/>\n\t<meta name=\"twitter:data1\" content=\"1 minute\" \/>\n<script type=\"application\/ld+json\" class=\"yoast-schema-graph\">{\"@context\":\"https:\/\/schema.org\",\"@graph\":[{\"@type\":\"WebSite\",\"@id\":\"https:\/\/www.evsacelik.com\/en\/#website\",\"url\":\"https:\/\/www.evsacelik.com\/en\/\",\"name\":\"Ev-Sa Steel\",\"description\":\"Ev-Sa Steel Building Systems\",\"potentialAction\":[{\"@type\":\"SearchAction\",\"target\":{\"@type\":\"EntryPoint\",\"urlTemplate\":\"https:\/\/www.evsacelik.com\/en\/?s={search_term_string}\"},\"query-input\":\"required name=search_term_string\"}],\"inLanguage\":\"en-US\"},{\"@type\":\"WebPage\",\"@id\":\"https:\/\/www.evsacelik.com\/en\/agir-celik-2\/#webpage\",\"url\":\"https:\/\/www.evsacelik.com\/en\/agir-celik-2\/\",\"name\":\"A\u011f\u0131r \u00c7elik Yap\u0131lar - Ev-Sa Steel\",\"isPartOf\":{\"@id\":\"https:\/\/www.evsacelik.com\/en\/#website\"},\"datePublished\":\"2020-07-24T08:03:24+00:00\",\"dateModified\":\"2021-03-25T06:23:12+00:00\",\"breadcrumb\":{\"@id\":\"https:\/\/www.evsacelik.com\/en\/agir-celik-2\/#breadcrumb\"},\"inLanguage\":\"en-US\",\"potentialAction\":[{\"@type\":\"ReadAction\",\"target\":[\"https:\/\/www.evsacelik.com\/en\/agir-celik-2\/\"]}]},{\"@type\":\"BreadcrumbList\",\"@id\":\"https:\/\/www.evsacelik.com\/en\/agir-celik-2\/#breadcrumb\",\"itemListElement\":[{\"@type\":\"ListItem\",\"position\":1,\"name\":\"Anasayfa\",\"item\":\"https:\/\/www.evsacelik.com\/en\/\"},{\"@type\":\"ListItem\",\"position\":2,\"name\":\"A\u011f\u0131r \u00c7elik Yap\u0131lar\"}]}]}<\/script>\n<!-- \/ Yoast SEO plugin. -->","yoast_head_json":{"title":"A\u011f\u0131r \u00c7elik Yap\u0131lar - Ev-Sa Steel","robots":{"index":"index","follow":"follow","max-snippet":"max-snippet:-1","max-image-preview":"max-image-preview:large","max-video-preview":"max-video-preview:-1"},"canonical":"https:\/\/www.evsacelik.com\/en\/agir-celik-2\/","og_locale":"en_US","og_type":"article","og_title":"A\u011f\u0131r \u00c7elik Yap\u0131lar - Ev-Sa Steel","og_description":"[vc_row][vc_column][vc_column_text] A\u011eIR \u00c7EL\u0130K YAPILAR \u00c7elik Konstr\u00fcksiyon Hangar \u0130n\u015faatlar\u0131 \u00c7elik Konstr\u00fcksiyon \u00c7ok Katl\u0131 Yap\u0131lar Antrepo ve Depo \u0130n\u015faatlar\u0131 End\u00fcstriyel Tesis \u0130n\u015faatlar\u0131 Fabrika ...","og_url":"https:\/\/www.evsacelik.com\/en\/agir-celik-2\/","og_site_name":"Ev-Sa Steel","article_modified_time":"2021-03-25T06:23:12+00:00","twitter_card":"summary_large_image","twitter_misc":{"Est. reading time":"1 minute"},"schema":{"@context":"https:\/\/schema.org","@graph":[{"@type":"WebSite","@id":"https:\/\/www.evsacelik.com\/en\/#website","url":"https:\/\/www.evsacelik.com\/en\/","name":"Ev-Sa Steel","description":"Ev-Sa Steel Building Systems","potentialAction":[{"@type":"SearchAction","target":{"@type":"EntryPoint","urlTemplate":"https:\/\/www.evsacelik.com\/en\/?s={search_term_string}"},"query-input":"required name=search_term_string"}],"inLanguage":"en-US"},{"@type":"WebPage","@id":"https:\/\/www.evsacelik.com\/en\/agir-celik-2\/#webpage","url":"https:\/\/www.evsacelik.com\/en\/agir-celik-2\/","name":"A\u011f\u0131r \u00c7elik Yap\u0131lar - Ev-Sa Steel","isPartOf":{"@id":"https:\/\/www.evsacelik.com\/en\/#website"},"datePublished":"2020-07-24T08:03:24+00:00","dateModified":"2021-03-25T06:23:12+00:00","breadcrumb":{"@id":"https:\/\/www.evsacelik.com\/en\/agir-celik-2\/#breadcrumb"},"inLanguage":"en-US","potentialAction":[{"@type":"ReadAction","target":["https:\/\/www.evsacelik.com\/en\/agir-celik-2\/"]}]},{"@type":"BreadcrumbList","@id":"https:\/\/www.evsacelik.com\/en\/agir-celik-2\/#breadcrumb","itemListElement":[{"@type":"ListItem","position":1,"name":"Anasayfa","item":"https:\/\/www.evsacelik.com\/en\/"},{"@type":"ListItem","position":2,"name":"A\u011f\u0131r \u00c7elik Yap\u0131lar"}]}]}},"_links":{"self":[{"href":"https:\/\/www.evsacelik.com\/en\/wp-json\/wp\/v2\/pages\/2113"}],"collection":[{"href":"https:\/\/www.evsacelik.com\/en\/wp-json\/wp\/v2\/pages"}],"about":[{"href":"https:\/\/www.evsacelik.com\/en\/wp-json\/wp\/v2\/types\/page"}],"author":[{"embeddable":true,"href":"https:\/\/www.evsacelik.com\/en\/wp-json\/wp\/v2\/users\/1"}],"replies":[{"embeddable":true,"href":"https:\/\/www.evsacelik.com\/en\/wp-json\/wp\/v2\/comments?post=2113"}],"version-history":[{"count":1,"href":"https:\/\/www.evsacelik.com\/en\/wp-json\/wp\/v2\/pages\/2113\/revisions"}],"predecessor-version":[{"id":2640,"href":"https:\/\/www.evsacelik.com\/en\/wp-json\/wp\/v2\/pages\/2113\/revisions\/2640"}],"wp:attachment":[{"href":"https:\/\/www.evsacelik.com\/en\/wp-json\/wp\/v2\/media?parent=2113"}],"curies":[{"name":"wp","href":"https:\/\/api.w.org\/{rel}","templated":true}]}}