{"id":538,"date":"2015-02-14T08:59:00","date_gmt":"2015-02-14T08:59:00","guid":{"rendered":"http:\/\/wpcharming.wpengine.com\/construction\/?page_id=538"},"modified":"2021-03-25T09:23:20","modified_gmt":"2021-03-25T06:23:20","slug":"home-extended","status":"publish","type":"page","link":"https:\/\/www.evsacelik.com\/de\/","title":{"rendered":"Home"},"content":{"rendered":"<p>[vc_row row_type=&#8221;row_fullwidth_content&#8221; margin_top=&#8221;-80&#8243; padding_bottom=&#8221;0&#8243; class=&#8221;fit-screen&#8221;][vc_column][rev_slider_vc alias=&#8221;Home1Extended&#8221;][\/vc_column][\/vc_row][vc_row row_type=&#8221;row_full_center_content&#8221; bg_color=&#8221;#008a23&#8243; padding_top=&#8221;20&#8243; padding_bottom=&#8221;20&#8243;][vc_column width=&#8221;3\/4&#8243; el_class=&#8221;mobile-center&#8221;][vc_column_text]<\/p>\n<h1 style=\"color: #fff;\"><strong><em>Lassen Ihr Haus aus Stahl bauen und haben Sie keinerlei Bedenken\u2026<\/em><\/strong><\/h1>\n<p>[\/vc_column_text][\/vc_column][vc_column width=&#8221;1\/4&#8243; el_class=&#8221;mobile-center&#8221;][vc_button title=&#8221;Neue Aktionen&#8221; color=&#8221;custom&#8221; button_custom_color=&#8221;#0066bf&#8221; size=&#8221;large&#8221; position=&#8221;right&#8221; margin_top=&#8221;0&#8243; margin_bottom=&#8221;0&#8243; link=&#8221;url:%20https%3A%2F%2Fwww.evsacelik.com%2Fen%2Fcampaigns%2F|||&#8221; target=&#8221;false&#8221;][\/vc_column][\/vc_row][vc_row row_type=&#8221;row_full_center_content&#8221; padding_top=&#8221;70&#8243; padding_bottom=&#8221;50&#8243; class=&#8221;mobile-no-margin-top inverted-row&#8221;][vc_column width=&#8221;1\/3&#8243;]\n\t<div class=\"wpb_content_element featured-box \" >\n\t\t\t<div class=\"featured-box-thumb\"><a title=\"\" target=\"\" href=\"https:\/\/www.evsacelik.com\/de\/modelle-fur-stahlkonstruktionshauser\/\"><img src=\"https:\/\/www.evsacelik.com\/de\/wp-content\/uploads\/sites\/3\/2021\/02\/evsacelik-celik-ev-modelleri.jpg\"><\/a>\n\t\t\t<\/div>\n\t\t\t<div class=\"featured-box-content\"><h4>Stahlh\u00e4user<\/h4>\n\t\t\t\t\t<div class=\"featured-box-desc\"><p>Bei Stahlkonstruktionen kann unser schnell variierender Stil unseren Wohnr\u00e4umen viel leichter und wirtschaftlicher angepasst werden. Durch die freie Wahl von Stahlhausmodellen k\u00f6nnen alle Arten von visuellen \u00c4nderungen vorgenommen sowie Plan- und Projekt\u00e4nderungen vorgenommen werden. Wir k\u00f6nnen unsere eigene Hausnachkommenschaft in ein Stahlanwendungsprojekt umwandeln. So k\u00f6nnen Sie Ihre Tr\u00e4ume leichter bei uns erreichen. Es ist ein Tr\u00e4gersystem, das f\u00fcr permanente Zwecke und dauert 300 Jahre.<\/p>\n\t\t\t\t\t<\/div>\n\t\t\t\t\t<div class=\"featured-box-button\">\n\t\t\t\t\t\t<a title=\"\" target=\"\" href=\"https:\/\/www.evsacelik.com\/de\/modelle-fur-stahlkonstruktionshauser\/\" class=\"\">Die Fortsetzung<\/a>\n\t\t\t\t\t<\/div>\n\t\t\t<\/div>\n\t<\/div>[\/vc_column][vc_column width=&#8221;1\/3&#8243;]\n\t<div class=\"wpb_content_element featured-box \" >\n\t\t\t<div class=\"featured-box-thumb\"><a title=\"\" target=\"\" href=\"https:\/\/www.evsacelik.com\/de\/modelle-fur-fertighauser\/\"><img src=\"https:\/\/www.evsacelik.com\/de\/wp-content\/uploads\/sites\/3\/2020\/07\/prefabrik-villa-evsa-576x300-1.jpg\"><\/a>\n\t\t\t<\/div>\n\t\t\t<div class=\"featured-box-content\"><h4>Stahlkonstruktionsh\u00e4user<\/h4>\n\t\t\t\t\t<div class=\"featured-box-desc\"><p>Dank der hohen Tragf\u00e4higkeit des Stahls k\u00f6nnen Stahlbauelemente in kleineren Querschnitten und Abmessungen viel leichter in einwandfreier Qualit\u00e4t hergestellt werden.<\/p>\n\t\t\t\t\t<\/div>\n\t\t\t\t\t<div class=\"featured-box-button\">\n\t\t\t\t\t\t<a title=\"\" target=\"\" href=\"https:\/\/www.evsacelik.com\/de\/modelle-fur-fertighauser\/\" class=\"\">Die Fortsetzung<\/a>\n\t\t\t\t\t<\/div>\n\t\t\t<\/div>\n\t<\/div>[\/vc_column][vc_column width=&#8221;1\/3&#8243;]\n\t<div class=\"wpb_content_element featured-box \" >\n\t\t\t<div class=\"featured-box-thumb\"><a title=\"\" target=\"\" href=\"https:\/\/www.evsacelik.com\/de\/schwere-stahlbaugebaude\/\"><img src=\"https:\/\/www.evsacelik.com\/de\/wp-content\/uploads\/sites\/3\/2020\/07\/agir-celik-600x300-1.jpg\"><\/a>\n\t\t\t<\/div>\n\t\t\t<div class=\"featured-box-content\"><h4>Schwerstahlbauten<\/h4>\n\t\t\t\t\t<div class=\"featured-box-desc\"><p>Schwerstahlbauten sind im Gegensatz zu Betonbauten ungef\u00e4hr 5 Mal leichter. Das hat wiederum pro Geb\u00e4ude eine 5 Mal geringere Erdbebenlast zur Bedeutung.<\/p>\n\t\t\t\t\t<\/div>\n\t\t\t\t\t<div class=\"featured-box-button\">\n\t\t\t\t\t\t<a title=\"\" target=\"\" href=\"https:\/\/www.evsacelik.com\/de\/schwere-stahlbaugebaude\/\" class=\"\">Die Fortsetzung<\/a>\n\t\t\t\t\t<\/div>\n\t\t\t<\/div>\n\t<\/div>[\/vc_column][\/vc_row][vc_row row_type=&#8221;row_full_center_content&#8221; padding_top=&#8221;25&#8243; padding_bottom=&#8221;0&#8243; class=&#8221;mobile-no-margin-top inverted-row&#8221;][vc_column width=&#8221;1\/4&#8243;]\n\t<div class=\"iconbox-wrapper  text-center\">\n\t\t<div class=\"iconbox-icon\">\n\t\t\t\t<i class=\"fa fa-asterisk primary\" style=\"font-size:80px;\"><\/i>\n\t\t<\/div>\n\t\t<h4 class=\"iconbox-heading\">Unsere Qualit\u00e4tspolitik\n\t\t<\/h4>\n\t\t\t<div class=\"iconbox-desc\">\n\t\t\t\t<p>Ev-Sa ist eine hochtechnologische Hausmarke, die auf hohen Standarden qualit\u00e4tsreiches Material einsetzt und komfortable und sichere Alternativen bietet.<\/p>\n\t\t\t<\/div>\n\t<\/div>[\/vc_column][vc_column width=&#8221;1\/4&#8243;]\n\t<div class=\"iconbox-wrapper  text-center\">\n\t\t<div class=\"iconbox-icon\">\n\t\t\t\t<i class=\"fa fa-thumbs-o-up primary\" style=\"font-size:80px;\"><\/i>\n\t\t<\/div>\n\t\t<h4 class=\"iconbox-heading\">Kundenzufriedenheit\n\t\t<\/h4>\n\t\t\t<div class=\"iconbox-desc\">\n\t\t\t\t<p>Es ist unser Firmenprinzip, die Technologie und das qualit\u00e4tsreiche Produkt zu wirtschaftlichsten Bedingungen anzubieten und sich stets auf die Kundenzufriedenheit zu orientieren.<\/p>\n\t\t\t<\/div>\n\t<\/div>[\/vc_column][vc_column width=&#8221;1\/4&#8243;]\n\t<div class=\"iconbox-wrapper  text-center\">\n\t\t<div class=\"iconbox-icon\">\n\t\t\t\t<i class=\"fa fa-child primary\" style=\"font-size:80px;\"><\/i>\n\t\t<\/div>\n\t\t<h4 class=\"iconbox-heading\">Umweltfreundliche Bauten\n\t\t<\/h4>\n\t\t\t<div class=\"iconbox-desc\">\n\t\t\t\t<p>Stahlh\u00e4user werden aus robustem und wiedereinsatzbarem Material gefertigt. Das bei der Demontage von Stahlbauten erhaltene Material kann wiedergewonnen werden.<\/p>\n\t\t\t<\/div>\n\t<\/div>[\/vc_column][vc_column width=&#8221;1\/4&#8243;]\n\t<div class=\"iconbox-wrapper  text-center\">\n\t\t<div class=\"iconbox-icon\">\n\t\t\t\t<i class=\"fa fa-try primary\" style=\"font-size:80px;\"><\/i>\n\t\t<\/div>\n\t\t<h4 class=\"iconbox-heading\">\n\t\t\t\t<a href=\"https:\/\/www.evsacelik.com\/en\/heavy-steel-structures\/\">Wirtschaftliche Bauten<\/a>\n\t\t<\/h4>\n\t\t\t<div class=\"iconbox-desc\">\n\t\t\t\t<p>Bei EV-SA stehen im Rahmen des Designs der Preis, das Material sowie die Marke bereits fest. Sie haben keinerlei \u00dcberraschungen zu erwarten.<\/p>\n\t\t\t<\/div>\n\t<\/div>[\/vc_column][\/vc_row][vc_row row_type=&#8221;row_full_center_content&#8221; padding_top=&#8221;20&#8243; padding_bottom=&#8221;20&#8243; class=&#8221;mobile-no-margin-top inverted-row&#8221;][vc_column]\n\t<div class=\"custom-heading wpb_content_element \">\n\t\t<h2 class=\"heading-title\" >5 Gr\u00fcnde f\u00fcr die Auswahl eines Stahlkonstruktionshauses<\/h2>\n\t\t<span class=\"heading-line primary\"><\/span>\n\t<\/div>[vc_tta_accordion][vc_tta_section title=&#8221;Stahlbauten sind wirtschaftlich&#8221; tab_id=&#8221;1595588381139-0a3f0f58-fec9&#8243;][vc_column_text]In Fabriken vorproduzierte Tr\u00e4gerelemente gew\u00e4hrleisten eine hohe Qualit\u00e4t zu geringen Preisen und k\u00fcrzen die Bauzeit um Enormes. Bei Stahl liegt die Tragf\u00e4higkeit im Gegensatz zum Eigengewicht verh\u00e4ltnism\u00e4\u00dfig am h\u00f6chsten.[\/vc_column_text][\/vc_tta_section][vc_tta_section title=&#8221;Stahlbauten sind erdbebensicher&#8221; tab_id=&#8221;1595588381185-7266feb8-c4d7&#8243;][vc_column_text]Stahl ist dank seiner hohen Widerstandsf\u00e4higkeit, Flexibilit\u00e4t und Leichte das gegen Erdbeben sicherste Baumaterial. Das leichte Eigengewicht erm\u00f6glicht es, gegen eventuelle St\u00f6\u00dfe Widerstand zu leisten, ohne zu brechen.[\/vc_column_text][\/vc_tta_section][vc_tta_section title=&#8221;Stahlbauten sind umweltfreundlich&#8221; tab_id=&#8221;1595588430592-5c8dad3a-c21e&#8221;][vc_column_text]Stahl ist dank seiner hohen Widerstandsf\u00e4higkeit, Flexibilit\u00e4t und Leichte das gegen Erdbeben sicherste Baumaterial. Das leichte Eigengewicht erm\u00f6glicht es, gegen eventuelle St\u00f6\u00dfe Widerstand zu leisten, ohne zu brechen.[\/vc_column_text][\/vc_tta_section][vc_tta_section title=&#8221;Stahlbauten sind schnell&#8221; tab_id=&#8221;1595588484892-fe95f77d-ef34&#8243;][vc_column_text]Au\u00dfer dem Fundament und der Grundmauer besteht bei Stahlbauten kein Bedarf an Beton. Somit kann die Montage der Stahlkonstruktion unabh\u00e4ngig von den Wetterbedingungen sehr schnell durchgef\u00fchrt werden. Dies wiederum erm\u00f6glicht es, den Kapitalbedarf zu mindern und die Baukosten zu reduzieren. Die Montage eines Hauses mit einer Fl\u00e4che von 200 m2 kann innerhalb einer kurzen Zeit von nur 7 Tagen abgeschlossen werden.[\/vc_column_text][\/vc_tta_section][vc_tta_section title=&#8221;Stahlbauten sind qualit\u00e4tsreich&#8221; tab_id=&#8221;1595588498583-c3c859d5-ae92&#8243;][vc_column_text]Die Produktion des Stahls, welches im Ganzen ein industrielles Produkt darstellt, erfolgt weltweit auf internationalen Standards. Die Qualit\u00e4t des Stahls wird in jeder Phase der Herstellung kontrolliert und dokumentiert. Weder dem Hersteller noch dem Benutzer ist ein Eingriff in die physischen Eigenschaften des Materials m\u00f6glich. Die theoretischen Rechenwerte haben in der Praxis genauso G\u00fcltigkeit. Da der Stahl durch den Beton nicht verdeckt wird, besteht jederzeit die M\u00f6glichkeit der Beaufsichtigung der Projekt- und Standardkonformit\u00e4t.[\/vc_column_text][\/vc_tta_section][\/vc_tta_accordion][\/vc_column][\/vc_row][vc_row row_type=&#8221;row_full_center_content&#8221; padding_top=&#8221;20&#8243; padding_bottom=&#8221;50&#8243; class=&#8221;fit-screen&#8221;][vc_column width=&#8221;1\/2&#8243;]\n\t<div class=\"custom-heading wpb_content_element \">\n\t\t<h2 class=\"heading-title\" >Fertige Projekte<\/h2>\n\t\t<span class=\"heading-line primary\"><\/span>\n\t<\/div>[vc_row_inner][vc_column_inner width=&#8221;1\/2&#8243;]\n\t<div class=\"wpb_content_element featured-box \" >\n\t\t\t<div class=\"featured-box-thumb\"><a title=\"\" target=\"\" href=\"#\"><img src=\"https:\/\/www.evsacelik.com\/de\/wp-content\/uploads\/sites\/3\/2020\/07\/akcay-proje.jpg\"><\/a>\n\t\t\t<\/div>\n\t\t\t<div class=\"featured-box-content\"><h4>Akcay Projekt<\/h4>\n\t\t\t\t\t<div class=\"featured-box-button\">\n\t\t\t\t\t\t<a title=\"\" target=\"\" href=\"#\" class=\"\">DIE FORTSETZUNG<\/a>\n\t\t\t\t\t<\/div>\n\t\t\t<\/div>\n\t<\/div>[\/vc_column_inner][vc_column_inner width=&#8221;1\/2&#8243;]\n\t<div class=\"wpb_content_element featured-box \" >\n\t\t\t<div class=\"featured-box-thumb\"><a title=\"\" target=\"\" href=\"#\"><img src=\"https:\/\/www.evsacelik.com\/de\/wp-content\/uploads\/sites\/3\/2020\/07\/corum-projesi-1-600x300-1.jpg\"><\/a>\n\t\t\t<\/div>\n\t\t\t<div class=\"featured-box-content\"><h4>Corum Projekt<\/h4>\n\t\t\t\t\t<div class=\"featured-box-button\">\n\t\t\t\t\t\t<a title=\"\" target=\"\" href=\"#\" class=\"\">DIE FORTSETZUNG<\/a>\n\t\t\t\t\t<\/div>\n\t\t\t<\/div>\n\t<\/div>[\/vc_column_inner][\/vc_row_inner][\/vc_column][vc_column width=&#8221;1\/2&#8243;]\n\t<div class=\"custom-heading wpb_content_element \">\n\t\t<h2 class=\"heading-title\" >Fortsetzende Projekte<\/h2>\n\t\t<span class=\"heading-line primary\"><\/span>\n\t<\/div>[vc_row_inner][vc_column_inner width=&#8221;1\/2&#8243;]\n\t<div class=\"wpb_content_element featured-box \" >\n\t\t\t<div class=\"featured-box-thumb\"><a title=\"\" target=\"\" href=\"#\"><img src=\"https:\/\/www.evsacelik.com\/de\/wp-content\/uploads\/sites\/3\/2020\/07\/sile-projesi-15-600x300-1.jpg\"><\/a>\n\t\t\t<\/div>\n\t\t\t<div class=\"featured-box-content\"><h4>\u015eile Projekt<\/h4>\n\t\t\t\t\t<div class=\"featured-box-button\">\n\t\t\t\t\t\t<a title=\"\" target=\"\" href=\"#\" class=\"\">DIE FORTSETZUNG<\/a>\n\t\t\t\t\t<\/div>\n\t\t\t<\/div>\n\t<\/div>[\/vc_column_inner][vc_column_inner width=&#8221;1\/2&#8243;]\n\t<div class=\"wpb_content_element featured-box \" >\n\t\t\t<div class=\"featured-box-thumb\"><a title=\"\" target=\"\" href=\"#\"><img src=\"https:\/\/www.evsacelik.com\/de\/wp-content\/uploads\/sites\/3\/2020\/07\/isvec.jpg\"><\/a>\n\t\t\t<\/div>\n\t\t\t<div class=\"featured-box-content\"><h4>Schweden Projekt<\/h4>\n\t\t\t\t\t<div class=\"featured-box-button\">\n\t\t\t\t\t\t<a title=\"\" target=\"\" href=\"#\" class=\"\">DIE FORTSETZUNG<\/a>\n\t\t\t\t\t<\/div>\n\t\t\t<\/div>\n\t<\/div>[\/vc_column_inner][\/vc_row_inner][\/vc_column][\/vc_row][vc_row row_type=&#8221;row_fullwidth_content&#8221; bg_color=&#8221;#008a23&#8243; padding_top=&#8221;20&#8243; padding_bottom=&#8221;20&#8243; class=&#8221;fit-screen&#8221;][vc_column][vc_column_text]<\/p>\n<h2 style=\"text-align: center; color: #fff; font-family: roboto; font-size: 26px;\">F\u00fcr mehr Informationen setzen Sie sich mit uns in Verbindung<br \/>\nMit Auswahl der Alternative \u201eWir rufen Sie an\u201c k\u00f6nnen Sie uns das Anforderungsformular \u00fcbersenden. Unsere Kundenbetreuer werden sich in K\u00fcrze mit Ihnen in Verbindung setzen.<\/h2>\n<p>[\/vc_column_text][\/vc_column][\/vc_row]<\/p>\n","protected":false},"excerpt":{"rendered":"<p>[vc_row row_type=&#8221;row_fullwidth_content&#8221; margin_top=&#8221;-80&#8243; padding_bottom=&#8221;0&#8243; class=&#8221;fit-screen&#8221;][vc_column][rev_slider_vc alias=&#8221;Home1Extended&#8221;][\/vc_column][\/vc_row][vc_row row_type=&#8221;row_full_center_content&#8221; bg_color=&#8221;#008a23&#8243; padding_top=&#8221;20&#8243; padding_bottom=&#8221;20&#8243;][vc_column width=&#8221;3\/4&#8243; el_class=&#8221;mobile-center&#8221;][vc_column_text] Lassen Ihr Haus aus Stahl bauen und haben Sie &#8230;<\/p>\n","protected":false},"author":1,"featured_media":0,"parent":0,"menu_order":0,"comment_status":"closed","ping_status":"open","template":"","meta":[],"yoast_head":"<!-- This site is optimized with the Yoast SEO plugin v18.2 - https:\/\/yoast.com\/wordpress\/plugins\/seo\/ -->\n<title>Home - Ev-Sa \u00c7elik De<\/title>\n<meta name=\"robots\" content=\"index, follow, max-snippet:-1, max-image-preview:large, max-video-preview:-1\" \/>\n<link rel=\"canonical\" href=\"https:\/\/www.evsacelik.com\/de\/\" \/>\n<meta property=\"og:locale\" content=\"tr_TR\" \/>\n<meta property=\"og:type\" content=\"article\" \/>\n<meta property=\"og:title\" content=\"Home - Ev-Sa \u00c7elik De\" \/>\n<meta property=\"og:description\" content=\"[vc_row row_type=&#8221;row_fullwidth_content&#8221; margin_top=&#8221;-80&#8243; padding_bottom=&#8221;0&#8243; class=&#8221;fit-screen&#8221;][vc_column][rev_slider_vc alias=&#8221;Home1Extended&#8221;][\/vc_column][\/vc_row][vc_row row_type=&#8221;row_full_center_content&#8221; bg_color=&#8221;#008a23&#8243; padding_top=&#8221;20&#8243; padding_bottom=&#8221;20&#8243;][vc_column width=&#8221;3\/4&#8243; el_class=&#8221;mobile-center&#8221;][vc_column_text] Lassen Ihr Haus aus Stahl bauen und haben Sie ...\" \/>\n<meta property=\"og:url\" content=\"https:\/\/www.evsacelik.com\/de\/\" \/>\n<meta property=\"og:site_name\" content=\"Ev-Sa \u00c7elik De\" \/>\n<meta property=\"article:modified_time\" content=\"2021-03-25T06:23:20+00:00\" \/>\n<meta name=\"twitter:card\" content=\"summary_large_image\" \/>\n<meta name=\"twitter:label1\" content=\"Tahmini okuma s\u00fcresi\" \/>\n\t<meta name=\"twitter:data1\" content=\"5 dakika\" \/>\n<script type=\"application\/ld+json\" class=\"yoast-schema-graph\">{\"@context\":\"https:\/\/schema.org\",\"@graph\":[{\"@type\":\"WebSite\",\"@id\":\"https:\/\/www.evsacelik.com\/de\/#website\",\"url\":\"https:\/\/www.evsacelik.com\/de\/\",\"name\":\"Ev-Sa \u00c7elik De\",\"description\":\"Startseite - Ev-Sa Stahlbausysteme\",\"potentialAction\":[{\"@type\":\"SearchAction\",\"target\":{\"@type\":\"EntryPoint\",\"urlTemplate\":\"https:\/\/www.evsacelik.com\/de\/?s={search_term_string}\"},\"query-input\":\"required name=search_term_string\"}],\"inLanguage\":\"tr\"},{\"@type\":\"WebPage\",\"@id\":\"https:\/\/www.evsacelik.com\/de\/#webpage\",\"url\":\"https:\/\/www.evsacelik.com\/de\/\",\"name\":\"Home - Ev-Sa \u00c7elik De\",\"isPartOf\":{\"@id\":\"https:\/\/www.evsacelik.com\/de\/#website\"},\"datePublished\":\"2015-02-14T08:59:00+00:00\",\"dateModified\":\"2021-03-25T06:23:20+00:00\",\"breadcrumb\":{\"@id\":\"https:\/\/www.evsacelik.com\/de\/#breadcrumb\"},\"inLanguage\":\"tr\",\"potentialAction\":[{\"@type\":\"ReadAction\",\"target\":[\"https:\/\/www.evsacelik.com\/de\/\"]}]},{\"@type\":\"BreadcrumbList\",\"@id\":\"https:\/\/www.evsacelik.com\/de\/#breadcrumb\",\"itemListElement\":[{\"@type\":\"ListItem\",\"position\":1,\"name\":\"Anasayfa\",\"item\":\"https:\/\/www.evsacelik.com\/de\/\"},{\"@type\":\"ListItem\",\"position\":2,\"name\":\"Home\"}]}]}<\/script>\n<!-- \/ Yoast SEO plugin. -->","yoast_head_json":{"title":"Home - Ev-Sa \u00c7elik De","robots":{"index":"index","follow":"follow","max-snippet":"max-snippet:-1","max-image-preview":"max-image-preview:large","max-video-preview":"max-video-preview:-1"},"canonical":"https:\/\/www.evsacelik.com\/de\/","og_locale":"tr_TR","og_type":"article","og_title":"Home - Ev-Sa \u00c7elik De","og_description":"[vc_row row_type=&#8221;row_fullwidth_content&#8221; margin_top=&#8221;-80&#8243; padding_bottom=&#8221;0&#8243; class=&#8221;fit-screen&#8221;][vc_column][rev_slider_vc alias=&#8221;Home1Extended&#8221;][\/vc_column][\/vc_row][vc_row row_type=&#8221;row_full_center_content&#8221; bg_color=&#8221;#008a23&#8243; padding_top=&#8221;20&#8243; padding_bottom=&#8221;20&#8243;][vc_column width=&#8221;3\/4&#8243; el_class=&#8221;mobile-center&#8221;][vc_column_text] Lassen Ihr Haus aus Stahl bauen und haben Sie ...","og_url":"https:\/\/www.evsacelik.com\/de\/","og_site_name":"Ev-Sa \u00c7elik De","article_modified_time":"2021-03-25T06:23:20+00:00","twitter_card":"summary_large_image","twitter_misc":{"Tahmini okuma s\u00fcresi":"5 dakika"},"schema":{"@context":"https:\/\/schema.org","@graph":[{"@type":"WebSite","@id":"https:\/\/www.evsacelik.com\/de\/#website","url":"https:\/\/www.evsacelik.com\/de\/","name":"Ev-Sa \u00c7elik De","description":"Startseite - Ev-Sa Stahlbausysteme","potentialAction":[{"@type":"SearchAction","target":{"@type":"EntryPoint","urlTemplate":"https:\/\/www.evsacelik.com\/de\/?s={search_term_string}"},"query-input":"required name=search_term_string"}],"inLanguage":"tr"},{"@type":"WebPage","@id":"https:\/\/www.evsacelik.com\/de\/#webpage","url":"https:\/\/www.evsacelik.com\/de\/","name":"Home - Ev-Sa \u00c7elik De","isPartOf":{"@id":"https:\/\/www.evsacelik.com\/de\/#website"},"datePublished":"2015-02-14T08:59:00+00:00","dateModified":"2021-03-25T06:23:20+00:00","breadcrumb":{"@id":"https:\/\/www.evsacelik.com\/de\/#breadcrumb"},"inLanguage":"tr","potentialAction":[{"@type":"ReadAction","target":["https:\/\/www.evsacelik.com\/de\/"]}]},{"@type":"BreadcrumbList","@id":"https:\/\/www.evsacelik.com\/de\/#breadcrumb","itemListElement":[{"@type":"ListItem","position":1,"name":"Anasayfa","item":"https:\/\/www.evsacelik.com\/de\/"},{"@type":"ListItem","position":2,"name":"Home"}]}]}},"_links":{"self":[{"href":"https:\/\/www.evsacelik.com\/de\/wp-json\/wp\/v2\/pages\/538"}],"collection":[{"href":"https:\/\/www.evsacelik.com\/de\/wp-json\/wp\/v2\/pages"}],"about":[{"href":"https:\/\/www.evsacelik.com\/de\/wp-json\/wp\/v2\/types\/page"}],"author":[{"embeddable":true,"href":"https:\/\/www.evsacelik.com\/de\/wp-json\/wp\/v2\/users\/1"}],"replies":[{"embeddable":true,"href":"https:\/\/www.evsacelik.com\/de\/wp-json\/wp\/v2\/comments?post=538"}],"version-history":[{"count":10,"href":"https:\/\/www.evsacelik.com\/de\/wp-json\/wp\/v2\/pages\/538\/revisions"}],"predecessor-version":[{"id":2575,"href":"https:\/\/www.evsacelik.com\/de\/wp-json\/wp\/v2\/pages\/538\/revisions\/2575"}],"wp:attachment":[{"href":"https:\/\/www.evsacelik.com\/de\/wp-json\/wp\/v2\/media?parent=538"}],"curies":[{"name":"wp","href":"https:\/\/api.w.org\/{rel}","templated":true}]}}